{"id":475,"date":"2021-03-01T14:30:57","date_gmt":"2021-03-01T13:30:57","guid":{"rendered":"https:\/\/alltogethertraining.com\/?page_id=475"},"modified":"2021-09-25T11:29:19","modified_gmt":"2021-09-25T09:29:19","slug":"formations","status":"publish","type":"page","link":"https:\/\/alltogethertraining.com\/index.php\/formations\/","title":{"rendered":"Formations"},"content":{"rendered":"\t\t<div data-elementor-type=\"wp-page\" data-elementor-id=\"475\" class=\"elementor elementor-475\">\n\t\t\t\t\t\t<section class=\"elementor-section elementor-top-section elementor-element elementor-element-7f2f433 elementor-section-boxed elementor-section-height-default elementor-section-height-default\" data-id=\"7f2f433\" data-element_type=\"section\" data-e-type=\"section\">\n\t\t\t\t\t\t<div class=\"elementor-container elementor-column-gap-default\">\n\t\t\t\t\t<div class=\"elementor-column elementor-col-100 elementor-top-column elementor-element elementor-element-a47a310\" data-id=\"a47a310\" data-element_type=\"column\" data-e-type=\"column\">\n\t\t\t<div class=\"elementor-widget-wrap elementor-element-populated\">\n\t\t\t\t\t\t<div class=\"elementor-element elementor-element-a2af539 elementor-widget elementor-widget-heading\" data-id=\"a2af539\" data-element_type=\"widget\" data-e-type=\"widget\" data-widget_type=\"heading.default\">\n\t\t\t\t<div class=\"elementor-widget-container\">\n\t\t\t\t\t<h1 class=\"elementor-heading-title elementor-size-default\">Les formations Alltogether Training<\/h1>\t\t\t\t<\/div>\n\t\t\t\t<\/div>\n\t\t\t\t\t<\/div>\n\t\t<\/div>\n\t\t\t\t\t<\/div>\n\t\t<\/section>\n\t\t\t\t<section class=\"elementor-section elementor-top-section elementor-element elementor-element-c9ce09f elementor-section-boxed elementor-section-height-default elementor-section-height-default\" data-id=\"c9ce09f\" data-element_type=\"section\" data-e-type=\"section\">\n\t\t\t\t\t\t<div class=\"elementor-container elementor-column-gap-default\">\n\t\t\t\t\t<div class=\"elementor-column elementor-col-100 elementor-top-column elementor-element elementor-element-b014138\" data-id=\"b014138\" data-element_type=\"column\" data-e-type=\"column\">\n\t\t\t<div class=\"elementor-widget-wrap elementor-element-populated\">\n\t\t\t\t\t\t<div class=\"elementor-element elementor-element-2b5058a elementor-widget elementor-widget-heading\" data-id=\"2b5058a\" data-element_type=\"widget\" data-e-type=\"widget\" data-widget_type=\"heading.default\">\n\t\t\t\t<div class=\"elementor-widget-container\">\n\t\t\t\t\t<h2 class=\"elementor-heading-title elementor-size-default\">Vous souhaitez am\u00e9liorer vos relations avec tous vos coll\u00e8gues et retrouver du plaisir au travail ?<\/h2>\t\t\t\t<\/div>\n\t\t\t\t<\/div>\n\t\t\t\t<div class=\"elementor-element elementor-element-1f54ff0 elementor-widget elementor-widget-image\" data-id=\"1f54ff0\" data-element_type=\"widget\" data-e-type=\"widget\" data-widget_type=\"image.default\">\n\t\t\t\t<div class=\"elementor-widget-container\">\n\t\t\t\t\t\t\t\t\t\t\t\t\t\t\t<img fetchpriority=\"high\" decoding=\"async\" width=\"800\" height=\"167\" src=\"https:\/\/alltogethertraining.com\/wp-content\/uploads\/2021\/03\/pexels-fauxels-3184291-1024x214.png\" class=\"attachment-large size-large wp-image-748\" alt=\"\" srcset=\"https:\/\/alltogethertraining.com\/wp-content\/uploads\/2021\/03\/pexels-fauxels-3184291-1024x214.png 1024w, https:\/\/alltogethertraining.com\/wp-content\/uploads\/2021\/03\/pexels-fauxels-3184291-300x63.png 300w, https:\/\/alltogethertraining.com\/wp-content\/uploads\/2021\/03\/pexels-fauxels-3184291-768x160.png 768w, https:\/\/alltogethertraining.com\/wp-content\/uploads\/2021\/03\/pexels-fauxels-3184291.png 1088w\" sizes=\"(max-width: 800px) 100vw, 800px\" \/>\t\t\t\t\t\t\t\t\t\t\t\t\t\t\t<\/div>\n\t\t\t\t<\/div>\n\t\t\t\t<div class=\"elementor-element elementor-element-3ed4def elementor-widget elementor-widget-toggle\" data-id=\"3ed4def\" data-element_type=\"widget\" data-e-type=\"widget\" data-widget_type=\"toggle.default\">\n\t\t\t\t<div class=\"elementor-widget-container\">\n\t\t\t\t\t\t\t<div class=\"elementor-toggle\">\n\t\t\t\t\t\t\t<div class=\"elementor-toggle-item\">\n\t\t\t\t\t<div id=\"elementor-tab-title-6581\" class=\"elementor-tab-title\" data-tab=\"1\" role=\"button\" aria-controls=\"elementor-tab-content-6581\" aria-expanded=\"false\">\n\t\t\t\t\t\t\t\t\t\t\t\t<span class=\"elementor-toggle-icon elementor-toggle-icon-left\" aria-hidden=\"true\">\n\t\t\t\t\t\t\t\t\t\t\t\t\t\t\t<span class=\"elementor-toggle-icon-closed\"><i class=\"fas fa-caret-right\"><\/i><\/span>\n\t\t\t\t\t\t\t\t<span class=\"elementor-toggle-icon-opened\"><i class=\"elementor-toggle-icon-opened fas fa-caret-up\"><\/i><\/span>\n\t\t\t\t\t\t\t\t\t\t\t\t\t<\/span>\n\t\t\t\t\t\t\t\t\t\t\t\t<a class=\"elementor-toggle-title\" tabindex=\"0\">Description :<\/a>\n\t\t\t\t\t<\/div>\n\n\t\t\t\t\t<div id=\"elementor-tab-content-6581\" class=\"elementor-tab-content elementor-clearfix\" data-tab=\"1\" role=\"region\" aria-labelledby=\"elementor-tab-title-6581\"><p>Obtenez cinq bonnes pratiques de communication \u00e0 utiliser tous les jours au boulot et cr\u00e9ez des collaborations positives et respectueuses autour de vous.<\/p><\/div>\n\t\t\t\t<\/div>\n\t\t\t\t\t\t\t<div class=\"elementor-toggle-item\">\n\t\t\t\t\t<div id=\"elementor-tab-title-6582\" class=\"elementor-tab-title\" data-tab=\"2\" role=\"button\" aria-controls=\"elementor-tab-content-6582\" aria-expanded=\"false\">\n\t\t\t\t\t\t\t\t\t\t\t\t<span class=\"elementor-toggle-icon elementor-toggle-icon-left\" aria-hidden=\"true\">\n\t\t\t\t\t\t\t\t\t\t\t\t\t\t\t<span class=\"elementor-toggle-icon-closed\"><i class=\"fas fa-caret-right\"><\/i><\/span>\n\t\t\t\t\t\t\t\t<span class=\"elementor-toggle-icon-opened\"><i class=\"elementor-toggle-icon-opened fas fa-caret-up\"><\/i><\/span>\n\t\t\t\t\t\t\t\t\t\t\t\t\t<\/span>\n\t\t\t\t\t\t\t\t\t\t\t\t<a class=\"elementor-toggle-title\" tabindex=\"0\">En savoir plus<\/a>\n\t\t\t\t\t<\/div>\n\n\t\t\t\t\t<div id=\"elementor-tab-content-6582\" class=\"elementor-tab-content elementor-clearfix\" data-tab=\"2\" role=\"region\" aria-labelledby=\"elementor-tab-title-6582\"><p><br \/>Vous recevrez 5 mails en 10 (ou 15) jours avec un r\u00e9sum\u00e9 \u00e9crit et un lien vers une vid\u00e9o. Vous y apprendrez: \u00e0 \u00e9viter une erreur fondamentale de communication que nous avons tous faite, utiliser une technique pour influencer vos coll\u00e8gues et les inciter \u00e0 coop\u00e9rer, \u00e0 aborder une r\u00e9union pour recoller les morceaux avec votre sup\u00e9rieur, comment r\u00e9agir face \u00e0 un coll\u00e8gue en col\u00e8re et un principe fondamental pour am\u00e9liorer votre relationnel avec toutes et tous !<\/p><p>Pour d\u00e9couvrir et mettre facilement en pratique ces principes qui vous permettront de retrouver du plaisir \u00e0 collaborer au boulot<\/p><\/div>\n\t\t\t\t<\/div>\n\t\t\t\t\t\t\t\t<\/div>\n\t\t\t\t\t\t<\/div>\n\t\t\t\t<\/div>\n\t\t\t\t<div class=\"elementor-element elementor-element-4c7de11 elementor-align-right elementor-widget elementor-widget-button\" data-id=\"4c7de11\" data-element_type=\"widget\" data-e-type=\"widget\" data-widget_type=\"button.default\">\n\t\t\t\t<div class=\"elementor-widget-container\">\n\t\t\t\t\t\t\t\t\t<div class=\"elementor-button-wrapper\">\n\t\t\t\t\t<a class=\"elementor-button elementor-button-link elementor-size-sm\" href=\"https:\/\/www.alltogethertraining.eu\/\">\n\t\t\t\t\t\t<span class=\"elementor-button-content-wrapper\">\n\t\t\t\t\t\t\t\t\t<span class=\"elementor-button-text\">ACCES A UNE FORMATION GRATUITE <\/span>\n\t\t\t\t\t<\/span>\n\t\t\t\t\t<\/a>\n\t\t\t\t<\/div>\n\t\t\t\t\t\t\t\t<\/div>\n\t\t\t\t<\/div>\n\t\t\t\t\t<\/div>\n\t\t<\/div>\n\t\t\t\t\t<\/div>\n\t\t<\/section>\n\t\t\t\t<section class=\"elementor-section elementor-top-section elementor-element elementor-element-3fa9987 elementor-section-boxed elementor-section-height-default elementor-section-height-default\" data-id=\"3fa9987\" data-element_type=\"section\" data-e-type=\"section\">\n\t\t\t\t\t\t<div class=\"elementor-container elementor-column-gap-default\">\n\t\t\t\t\t<div class=\"elementor-column elementor-col-100 elementor-top-column elementor-element elementor-element-d28daaa\" data-id=\"d28daaa\" data-element_type=\"column\" data-e-type=\"column\">\n\t\t\t<div class=\"elementor-widget-wrap elementor-element-populated\">\n\t\t\t\t\t\t<div class=\"elementor-element elementor-element-d52eb47 elementor-widget elementor-widget-heading\" data-id=\"d52eb47\" data-element_type=\"widget\" data-e-type=\"widget\" data-widget_type=\"heading.default\">\n\t\t\t\t<div class=\"elementor-widget-container\">\n\t\t\t\t\t<h2 class=\"elementor-heading-title elementor-size-default\">Vous souhaitez conna\u00eetre les meilleurs livres sur la communication, la motivation et la coop\u00e9ration au travail ?\n<\/h2>\t\t\t\t<\/div>\n\t\t\t\t<\/div>\n\t\t\t\t<div class=\"elementor-element elementor-element-4635ba8 elementor-widget elementor-widget-image\" data-id=\"4635ba8\" data-element_type=\"widget\" data-e-type=\"widget\" data-widget_type=\"image.default\">\n\t\t\t\t<div class=\"elementor-widget-container\">\n\t\t\t\t\t\t\t\t\t\t\t\t\t\t\t<img decoding=\"async\" width=\"800\" height=\"167\" src=\"https:\/\/alltogethertraining.com\/wp-content\/uploads\/2021\/03\/pexels-rfstudio-3060324-1024x214.png\" class=\"attachment-large size-large wp-image-756\" alt=\"\" srcset=\"https:\/\/alltogethertraining.com\/wp-content\/uploads\/2021\/03\/pexels-rfstudio-3060324-1024x214.png 1024w, https:\/\/alltogethertraining.com\/wp-content\/uploads\/2021\/03\/pexels-rfstudio-3060324-300x63.png 300w, https:\/\/alltogethertraining.com\/wp-content\/uploads\/2021\/03\/pexels-rfstudio-3060324-768x160.png 768w, https:\/\/alltogethertraining.com\/wp-content\/uploads\/2021\/03\/pexels-rfstudio-3060324.png 1088w\" sizes=\"(max-width: 800px) 100vw, 800px\" \/>\t\t\t\t\t\t\t\t\t\t\t\t\t\t\t<\/div>\n\t\t\t\t<\/div>\n\t\t\t\t<div class=\"elementor-element elementor-element-5a5cffa elementor-widget elementor-widget-toggle\" data-id=\"5a5cffa\" data-element_type=\"widget\" data-e-type=\"widget\" data-widget_type=\"toggle.default\">\n\t\t\t\t<div class=\"elementor-widget-container\">\n\t\t\t\t\t\t\t<div class=\"elementor-toggle\">\n\t\t\t\t\t\t\t<div class=\"elementor-toggle-item\">\n\t\t\t\t\t<div id=\"elementor-tab-title-9471\" class=\"elementor-tab-title\" data-tab=\"1\" role=\"button\" aria-controls=\"elementor-tab-content-9471\" aria-expanded=\"false\">\n\t\t\t\t\t\t\t\t\t\t\t\t<span class=\"elementor-toggle-icon elementor-toggle-icon-left\" aria-hidden=\"true\">\n\t\t\t\t\t\t\t\t\t\t\t\t\t\t\t<span class=\"elementor-toggle-icon-closed\"><i class=\"fas fa-caret-right\"><\/i><\/span>\n\t\t\t\t\t\t\t\t<span class=\"elementor-toggle-icon-opened\"><i class=\"elementor-toggle-icon-opened fas fa-caret-up\"><\/i><\/span>\n\t\t\t\t\t\t\t\t\t\t\t\t\t<\/span>\n\t\t\t\t\t\t\t\t\t\t\t\t<a class=\"elementor-toggle-title\" tabindex=\"0\">Description :<\/a>\n\t\t\t\t\t<\/div>\n\n\t\t\t\t\t<div id=\"elementor-tab-content-9471\" class=\"elementor-tab-content elementor-clearfix\" data-tab=\"1\" role=\"region\" aria-labelledby=\"elementor-tab-title-9471\"><p>D\u00e9couvrez quatre best seller de management dans le domaine des relations humaines au travail et devenez un collaborateur que tout le monde \u00e9coute et appr\u00e9cie.<\/p><\/div>\n\t\t\t\t<\/div>\n\t\t\t\t\t\t\t<div class=\"elementor-toggle-item\">\n\t\t\t\t\t<div id=\"elementor-tab-title-9472\" class=\"elementor-tab-title\" data-tab=\"2\" role=\"button\" aria-controls=\"elementor-tab-content-9472\" aria-expanded=\"false\">\n\t\t\t\t\t\t\t\t\t\t\t\t<span class=\"elementor-toggle-icon elementor-toggle-icon-left\" aria-hidden=\"true\">\n\t\t\t\t\t\t\t\t\t\t\t\t\t\t\t<span class=\"elementor-toggle-icon-closed\"><i class=\"fas fa-caret-right\"><\/i><\/span>\n\t\t\t\t\t\t\t\t<span class=\"elementor-toggle-icon-opened\"><i class=\"elementor-toggle-icon-opened fas fa-caret-up\"><\/i><\/span>\n\t\t\t\t\t\t\t\t\t\t\t\t\t<\/span>\n\t\t\t\t\t\t\t\t\t\t\t\t<a class=\"elementor-toggle-title\" tabindex=\"0\">En savoir plus<\/a>\n\t\t\t\t\t<\/div>\n\n\t\t\t\t\t<div id=\"elementor-tab-content-9472\" class=\"elementor-tab-content elementor-clearfix\" data-tab=\"2\" role=\"region\" aria-labelledby=\"elementor-tab-title-9472\"><p><br \/>Vous recevrez 4 mails en 8 jours et d\u00e9couvrirez quatre livres unanimement reconnus parmi les meilleurs ouvrages de management. Leurs auteurs: Dale Carnegie, Edgar H. Schein, Fr\u00e9d\u00e9ric Laloux et Fletcher Peacock. J\u2019y ai trouv\u00e9 les principes et techniques inestimables qui m\u2019ont permis de transformer mes interactions avec toutes et tous au travail en relations agr\u00e9ables et positives. Vous avez envie d\u2019en faire de m\u00eame ? CLIQUEZ ICI (idem **)<\/p><p>\u00a0<\/p><\/div>\n\t\t\t\t<\/div>\n\t\t\t\t\t\t\t\t<\/div>\n\t\t\t\t\t\t<\/div>\n\t\t\t\t<\/div>\n\t\t\t\t<div class=\"elementor-element elementor-element-217b90f elementor-align-right elementor-widget elementor-widget-button\" data-id=\"217b90f\" data-element_type=\"widget\" data-e-type=\"widget\" data-widget_type=\"button.default\">\n\t\t\t\t<div class=\"elementor-widget-container\">\n\t\t\t\t\t\t\t\t\t<div class=\"elementor-button-wrapper\">\n\t\t\t\t\t<a class=\"elementor-button elementor-button-link elementor-size-sm\" href=\"https:\/\/jimeconsult.systeme.io\/formation-offerte-3livres\">\n\t\t\t\t\t\t<span class=\"elementor-button-content-wrapper\">\n\t\t\t\t\t\t\t\t\t<span class=\"elementor-button-text\">ACCES A UNE FORMATION GRATUITE <\/span>\n\t\t\t\t\t<\/span>\n\t\t\t\t\t<\/a>\n\t\t\t\t<\/div>\n\t\t\t\t\t\t\t\t<\/div>\n\t\t\t\t<\/div>\n\t\t\t\t\t<\/div>\n\t\t<\/div>\n\t\t\t\t\t<\/div>\n\t\t<\/section>\n\t\t\t\t<section class=\"elementor-section elementor-top-section elementor-element elementor-element-571526fd elementor-section-boxed elementor-section-height-default elementor-section-height-default\" data-id=\"571526fd\" data-element_type=\"section\" data-e-type=\"section\">\n\t\t\t\t\t\t<div class=\"elementor-container elementor-column-gap-default\">\n\t\t\t\t\t<div class=\"elementor-column elementor-col-100 elementor-top-column elementor-element elementor-element-2fdc22c\" data-id=\"2fdc22c\" data-element_type=\"column\" data-e-type=\"column\">\n\t\t\t<div class=\"elementor-widget-wrap elementor-element-populated\">\n\t\t\t\t\t\t<div class=\"elementor-element elementor-element-572b2549 elementor-widget-divider--view-line elementor-widget elementor-widget-divider\" data-id=\"572b2549\" data-element_type=\"widget\" data-e-type=\"widget\" data-widget_type=\"divider.default\">\n\t\t\t\t<div class=\"elementor-widget-container\">\n\t\t\t\t\t\t\t<div class=\"elementor-divider\">\n\t\t\t<span class=\"elementor-divider-separator\">\n\t\t\t\t\t\t<\/span>\n\t\t<\/div>\n\t\t\t\t\t\t<\/div>\n\t\t\t\t<\/div>\n\t\t\t\t<div class=\"elementor-element elementor-element-67827626 elementor-widget elementor-widget-heading\" data-id=\"67827626\" data-element_type=\"widget\" data-e-type=\"widget\" data-widget_type=\"heading.default\">\n\t\t\t\t<div class=\"elementor-widget-container\">\n\t\t\t\t\t<p class=\"elementor-heading-title elementor-size-default\">Vous \u00eates travailleur et souhaitez plus d\u2019informations ?\u200b<\/p>\t\t\t\t<\/div>\n\t\t\t\t<\/div>\n\t\t\t\t<div class=\"elementor-element elementor-element-7ee81ffd elementor-widget elementor-widget-heading\" data-id=\"7ee81ffd\" data-element_type=\"widget\" data-e-type=\"widget\" data-widget_type=\"heading.default\">\n\t\t\t\t<div class=\"elementor-widget-container\">\n\t\t\t\t\t<p class=\"elementor-heading-title elementor-size-default\">Vous \u00eates une entreprise et aimeriez une proposition adapt\u00e9e ?\u200b<\/p>\t\t\t\t<\/div>\n\t\t\t\t<\/div>\n\t\t\t\t\t<\/div>\n\t\t<\/div>\n\t\t\t\t\t<\/div>\n\t\t<\/section>\n\t\t\t\t<\/div>\n\t\t","protected":false},"excerpt":{"rendered":"<p>Les formations Alltogether Training Vous souhaitez am\u00e9liorer vos relations avec tous vos coll\u00e8gues et retrouver du plaisir au travail ? Description : Obtenez cinq bonnes pratiques de communication \u00e0 utiliser tous les jours au boulot et cr\u00e9ez des collaborations positives et respectueuses autour de vous. En savoir plus Vous recevrez 5 mails en 10 (ou [&hellip;]<\/p>\n","protected":false},"author":1,"featured_media":0,"parent":0,"menu_order":0,"comment_status":"closed","ping_status":"closed","template":"elementor_header_footer","meta":{"footnotes":""},"class_list":["post-475","page","type-page","status-publish","hentry"],"yoast_head":"<!-- This site is optimized with the Yoast SEO plugin v27.3 - https:\/\/yoast.com\/product\/yoast-seo-wordpress\/ -->\n<title>Formations - Alltogether trainings<\/title>\n<meta name=\"robots\" content=\"index, follow, max-snippet:-1, max-image-preview:large, max-video-preview:-1\" \/>\n<link rel=\"canonical\" href=\"https:\/\/alltogethertraining.com\/index.php\/formations\/\" \/>\n<meta property=\"og:locale\" content=\"fr_FR\" \/>\n<meta property=\"og:type\" content=\"article\" \/>\n<meta property=\"og:title\" content=\"Formations - Alltogether trainings\" \/>\n<meta property=\"og:description\" content=\"Les formations Alltogether Training Vous souhaitez am\u00e9liorer vos relations avec tous vos coll\u00e8gues et retrouver du plaisir au travail ? Description : Obtenez cinq bonnes pratiques de communication \u00e0 utiliser tous les jours au boulot et cr\u00e9ez des collaborations positives et respectueuses autour de vous. En savoir plus Vous recevrez 5 mails en 10 (ou [&hellip;]\" \/>\n<meta property=\"og:url\" content=\"https:\/\/alltogethertraining.com\/index.php\/formations\/\" \/>\n<meta property=\"og:site_name\" content=\"Alltogether trainings\" \/>\n<meta property=\"article:modified_time\" content=\"2021-09-25T09:29:19+00:00\" \/>\n<meta property=\"og:image\" content=\"https:\/\/alltogethertraining.com\/wp-content\/uploads\/2021\/03\/pexels-fauxels-3184291-1024x214.png\" \/>\n<meta name=\"twitter:card\" content=\"summary_large_image\" \/>\n<meta name=\"twitter:label1\" content=\"Dur\u00e9e de lecture estim\u00e9e\" \/>\n\t<meta name=\"twitter:data1\" content=\"2 minutes\" \/>\n<script type=\"application\/ld+json\" class=\"yoast-schema-graph\">{\"@context\":\"https:\\\/\\\/schema.org\",\"@graph\":[{\"@type\":\"WebPage\",\"@id\":\"https:\\\/\\\/alltogethertraining.com\\\/index.php\\\/formations\\\/\",\"url\":\"https:\\\/\\\/alltogethertraining.com\\\/index.php\\\/formations\\\/\",\"name\":\"Formations - Alltogether trainings\",\"isPartOf\":{\"@id\":\"https:\\\/\\\/alltogethertraining.com\\\/#website\"},\"primaryImageOfPage\":{\"@id\":\"https:\\\/\\\/alltogethertraining.com\\\/index.php\\\/formations\\\/#primaryimage\"},\"image\":{\"@id\":\"https:\\\/\\\/alltogethertraining.com\\\/index.php\\\/formations\\\/#primaryimage\"},\"thumbnailUrl\":\"https:\\\/\\\/alltogethertraining.com\\\/wp-content\\\/uploads\\\/2021\\\/03\\\/pexels-fauxels-3184291-1024x214.png\",\"datePublished\":\"2021-03-01T13:30:57+00:00\",\"dateModified\":\"2021-09-25T09:29:19+00:00\",\"breadcrumb\":{\"@id\":\"https:\\\/\\\/alltogethertraining.com\\\/index.php\\\/formations\\\/#breadcrumb\"},\"inLanguage\":\"fr-FR\",\"potentialAction\":[{\"@type\":\"ReadAction\",\"target\":[\"https:\\\/\\\/alltogethertraining.com\\\/index.php\\\/formations\\\/\"]}]},{\"@type\":\"ImageObject\",\"inLanguage\":\"fr-FR\",\"@id\":\"https:\\\/\\\/alltogethertraining.com\\\/index.php\\\/formations\\\/#primaryimage\",\"url\":\"https:\\\/\\\/alltogethertraining.com\\\/wp-content\\\/uploads\\\/2021\\\/03\\\/pexels-fauxels-3184291.png\",\"contentUrl\":\"https:\\\/\\\/alltogethertraining.com\\\/wp-content\\\/uploads\\\/2021\\\/03\\\/pexels-fauxels-3184291.png\",\"width\":1088,\"height\":227},{\"@type\":\"BreadcrumbList\",\"@id\":\"https:\\\/\\\/alltogethertraining.com\\\/index.php\\\/formations\\\/#breadcrumb\",\"itemListElement\":[{\"@type\":\"ListItem\",\"position\":1,\"name\":\"Accueil\",\"item\":\"https:\\\/\\\/alltogethertraining.com\\\/\"},{\"@type\":\"ListItem\",\"position\":2,\"name\":\"Formations\"}]},{\"@type\":\"WebSite\",\"@id\":\"https:\\\/\\\/alltogethertraining.com\\\/#website\",\"url\":\"https:\\\/\\\/alltogethertraining.com\\\/\",\"name\":\"Alltogether trainings\",\"description\":\"pour des collaborations positives au travail !\",\"potentialAction\":[{\"@type\":\"SearchAction\",\"target\":{\"@type\":\"EntryPoint\",\"urlTemplate\":\"https:\\\/\\\/alltogethertraining.com\\\/?s={search_term_string}\"},\"query-input\":{\"@type\":\"PropertyValueSpecification\",\"valueRequired\":true,\"valueName\":\"search_term_string\"}}],\"inLanguage\":\"fr-FR\"}]}<\/script>\n<!-- \/ Yoast SEO plugin. -->","yoast_head_json":{"title":"Formations - Alltogether trainings","robots":{"index":"index","follow":"follow","max-snippet":"max-snippet:-1","max-image-preview":"max-image-preview:large","max-video-preview":"max-video-preview:-1"},"canonical":"https:\/\/alltogethertraining.com\/index.php\/formations\/","og_locale":"fr_FR","og_type":"article","og_title":"Formations - Alltogether trainings","og_description":"Les formations Alltogether Training Vous souhaitez am\u00e9liorer vos relations avec tous vos coll\u00e8gues et retrouver du plaisir au travail ? Description : Obtenez cinq bonnes pratiques de communication \u00e0 utiliser tous les jours au boulot et cr\u00e9ez des collaborations positives et respectueuses autour de vous. En savoir plus Vous recevrez 5 mails en 10 (ou [&hellip;]","og_url":"https:\/\/alltogethertraining.com\/index.php\/formations\/","og_site_name":"Alltogether trainings","article_modified_time":"2021-09-25T09:29:19+00:00","og_image":[{"url":"https:\/\/alltogethertraining.com\/wp-content\/uploads\/2021\/03\/pexels-fauxels-3184291-1024x214.png","type":"","width":"","height":""}],"twitter_card":"summary_large_image","twitter_misc":{"Dur\u00e9e de lecture estim\u00e9e":"2 minutes"},"schema":{"@context":"https:\/\/schema.org","@graph":[{"@type":"WebPage","@id":"https:\/\/alltogethertraining.com\/index.php\/formations\/","url":"https:\/\/alltogethertraining.com\/index.php\/formations\/","name":"Formations - Alltogether trainings","isPartOf":{"@id":"https:\/\/alltogethertraining.com\/#website"},"primaryImageOfPage":{"@id":"https:\/\/alltogethertraining.com\/index.php\/formations\/#primaryimage"},"image":{"@id":"https:\/\/alltogethertraining.com\/index.php\/formations\/#primaryimage"},"thumbnailUrl":"https:\/\/alltogethertraining.com\/wp-content\/uploads\/2021\/03\/pexels-fauxels-3184291-1024x214.png","datePublished":"2021-03-01T13:30:57+00:00","dateModified":"2021-09-25T09:29:19+00:00","breadcrumb":{"@id":"https:\/\/alltogethertraining.com\/index.php\/formations\/#breadcrumb"},"inLanguage":"fr-FR","potentialAction":[{"@type":"ReadAction","target":["https:\/\/alltogethertraining.com\/index.php\/formations\/"]}]},{"@type":"ImageObject","inLanguage":"fr-FR","@id":"https:\/\/alltogethertraining.com\/index.php\/formations\/#primaryimage","url":"https:\/\/alltogethertraining.com\/wp-content\/uploads\/2021\/03\/pexels-fauxels-3184291.png","contentUrl":"https:\/\/alltogethertraining.com\/wp-content\/uploads\/2021\/03\/pexels-fauxels-3184291.png","width":1088,"height":227},{"@type":"BreadcrumbList","@id":"https:\/\/alltogethertraining.com\/index.php\/formations\/#breadcrumb","itemListElement":[{"@type":"ListItem","position":1,"name":"Accueil","item":"https:\/\/alltogethertraining.com\/"},{"@type":"ListItem","position":2,"name":"Formations"}]},{"@type":"WebSite","@id":"https:\/\/alltogethertraining.com\/#website","url":"https:\/\/alltogethertraining.com\/","name":"Alltogether trainings","description":"pour des collaborations positives au travail !","potentialAction":[{"@type":"SearchAction","target":{"@type":"EntryPoint","urlTemplate":"https:\/\/alltogethertraining.com\/?s={search_term_string}"},"query-input":{"@type":"PropertyValueSpecification","valueRequired":true,"valueName":"search_term_string"}}],"inLanguage":"fr-FR"}]}},"_links":{"self":[{"href":"https:\/\/alltogethertraining.com\/index.php\/wp-json\/wp\/v2\/pages\/475","targetHints":{"allow":["GET"]}}],"collection":[{"href":"https:\/\/alltogethertraining.com\/index.php\/wp-json\/wp\/v2\/pages"}],"about":[{"href":"https:\/\/alltogethertraining.com\/index.php\/wp-json\/wp\/v2\/types\/page"}],"author":[{"embeddable":true,"href":"https:\/\/alltogethertraining.com\/index.php\/wp-json\/wp\/v2\/users\/1"}],"replies":[{"embeddable":true,"href":"https:\/\/alltogethertraining.com\/index.php\/wp-json\/wp\/v2\/comments?post=475"}],"version-history":[{"count":25,"href":"https:\/\/alltogethertraining.com\/index.php\/wp-json\/wp\/v2\/pages\/475\/revisions"}],"predecessor-version":[{"id":913,"href":"https:\/\/alltogethertraining.com\/index.php\/wp-json\/wp\/v2\/pages\/475\/revisions\/913"}],"wp:attachment":[{"href":"https:\/\/alltogethertraining.com\/index.php\/wp-json\/wp\/v2\/media?parent=475"}],"curies":[{"name":"wp","href":"https:\/\/api.w.org\/{rel}","templated":true}]}}